{"id":3160,"date":"2023-11-17T18:36:14","date_gmt":"2023-11-17T17:36:14","guid":{"rendered":"http:\/\/www.ckis-ziemowit.pl\/?page_id=3160"},"modified":"2025-11-14T21:21:48","modified_gmt":"2025-11-14T20:21:48","slug":"najladniejszy-ubior-z-akcentami-swiatecznymi","status":"publish","type":"page","link":"https:\/\/www.ckis-ziemowit.pl\/index.php\/najladniejszy-ubior-z-akcentami-swiatecznymi\/","title":{"rendered":"KONKURS NA NAJ\u0141ADNIEJSZY UBI\u00d3R Z AKCENTAMI \u015aWI\u0104TECZNYMI"},"content":{"rendered":"\t\t<div data-elementor-type=\"wp-page\" data-elementor-id=\"3160\" class=\"elementor elementor-3160\">\n\t\t\t\t\t\t<section class=\"elementor-section elementor-top-section elementor-element elementor-element-78fde237 elementor-section-boxed elementor-section-height-default elementor-section-height-default\" data-id=\"78fde237\" data-element_type=\"section\" data-e-type=\"section\">\n\t\t\t\t\t\t<div class=\"elementor-container elementor-column-gap-default\">\n\t\t\t\t\t<div class=\"elementor-column elementor-col-100 elementor-top-column elementor-element elementor-element-1d700675\" data-id=\"1d700675\" data-element_type=\"column\" data-e-type=\"column\">\n\t\t\t<div class=\"elementor-widget-wrap elementor-element-populated\">\n\t\t\t\t\t\t<div class=\"elementor-element elementor-element-aeb5734 elementor-widget elementor-widget-image\" data-id=\"aeb5734\" data-element_type=\"widget\" data-e-type=\"widget\" data-widget_type=\"image.default\">\n\t\t\t\t<div class=\"elementor-widget-container\">\n\t\t\t\t\t\t\t\t\t\t\t\t\t\t\t<img fetchpriority=\"high\" decoding=\"async\" width=\"768\" height=\"436\" src=\"https:\/\/www.ckis-ziemowit.pl\/wp-content\/uploads\/2025\/11\/plakat-ubior-1-1086x1536-1-768x436.png\" class=\"attachment-medium_large size-medium_large wp-image-4307\" alt=\"\" srcset=\"https:\/\/www.ckis-ziemowit.pl\/wp-content\/uploads\/2025\/11\/plakat-ubior-1-1086x1536-1-768x436.png 768w, https:\/\/www.ckis-ziemowit.pl\/wp-content\/uploads\/2025\/11\/plakat-ubior-1-1086x1536-1-300x170.png 300w, https:\/\/www.ckis-ziemowit.pl\/wp-content\/uploads\/2025\/11\/plakat-ubior-1-1086x1536-1-1024x582.png 1024w, https:\/\/www.ckis-ziemowit.pl\/wp-content\/uploads\/2025\/11\/plakat-ubior-1-1086x1536-1.png 1086w\" sizes=\"(max-width: 768px) 100vw, 768px\" \/>\t\t\t\t\t\t\t\t\t\t\t\t\t\t\t<\/div>\n\t\t\t\t<\/div>\n\t\t\t\t<div class=\"elementor-element elementor-element-3ee9f08b elementor-widget elementor-widget-text-editor\" data-id=\"3ee9f08b\" data-element_type=\"widget\" data-e-type=\"widget\" data-widget_type=\"text-editor.default\">\n\t\t\t\t<div class=\"elementor-widget-container\">\n\t\t\t\t\t\t\t\t\t<p style=\"text-align: center;\"><strong><span style=\"font-size: 18pt;\">Materia\u0142y do pobrania:<\/span><br \/><\/strong><strong><a href=\"https:\/\/www.ckis-ziemowit.pl\/wp-content\/uploads\/2025\/11\/regulamin-na-stroj-swiateczny.pdf\">Regulamin konkursu<\/a><br \/><\/strong><\/p>\t\t\t\t\t\t\t\t<\/div>\n\t\t\t\t<\/div>\n\t\t\t\t\t<\/div>\n\t\t<\/div>\n\t\t\t\t\t<\/div>\n\t\t<\/section>\n\t\t\t\t<\/div>\n\t\t","protected":false},"excerpt":{"rendered":"<p>Materia\u0142y do pobrania:Regulamin konkursu<\/p>\n","protected":false},"author":1,"featured_media":0,"parent":0,"menu_order":0,"comment_status":"closed","ping_status":"closed","template":"","meta":{"footnotes":""},"class_list":["post-3160","page","type-page","status-publish","czr-hentry"],"_links":{"self":[{"href":"https:\/\/www.ckis-ziemowit.pl\/index.php\/wp-json\/wp\/v2\/pages\/3160","targetHints":{"allow":["GET"]}}],"collection":[{"href":"https:\/\/www.ckis-ziemowit.pl\/index.php\/wp-json\/wp\/v2\/pages"}],"about":[{"href":"https:\/\/www.ckis-ziemowit.pl\/index.php\/wp-json\/wp\/v2\/types\/page"}],"author":[{"embeddable":true,"href":"https:\/\/www.ckis-ziemowit.pl\/index.php\/wp-json\/wp\/v2\/users\/1"}],"replies":[{"embeddable":true,"href":"https:\/\/www.ckis-ziemowit.pl\/index.php\/wp-json\/wp\/v2\/comments?post=3160"}],"version-history":[{"count":18,"href":"https:\/\/www.ckis-ziemowit.pl\/index.php\/wp-json\/wp\/v2\/pages\/3160\/revisions"}],"predecessor-version":[{"id":4310,"href":"https:\/\/www.ckis-ziemowit.pl\/index.php\/wp-json\/wp\/v2\/pages\/3160\/revisions\/4310"}],"wp:attachment":[{"href":"https:\/\/www.ckis-ziemowit.pl\/index.php\/wp-json\/wp\/v2\/media?parent=3160"}],"curies":[{"name":"wp","href":"https:\/\/api.w.org\/{rel}","templated":true}]}}