{"id":39,"date":"2018-06-26T21:54:49","date_gmt":"2018-06-26T19:54:49","guid":{"rendered":"http:\/\/www.ckis-ziemowit.pl\/?page_id=39"},"modified":"2018-06-30T09:08:21","modified_gmt":"2018-06-30T07:08:21","slug":"o-nas","status":"publish","type":"page","link":"https:\/\/www.ckis-ziemowit.pl\/index.php\/o-nas\/","title":{"rendered":"O NAS"},"content":{"rendered":"<p style=\"text-align: center;\"><span style=\"font-size: 24pt; color: #ff6600;\"><strong>Zakres dzia\u0142alno\u015bci Centrum Kultury i\u00a0Sportu \u201eZiemowit\u201d:<\/strong><\/span><\/p>\n<p style=\"text-align: center;\"><span style=\"font-size: 18pt;\">Popularyzacja i\u00a0zaspokajanie potrzeb kulturalnych\u00a0 \u015brodowiska lokalnego. Tworzenie warunk\u00f3w dla rozwoju amatorskiego ruchu artystycznego, folkloru i\u00a0sztuki ludowej. Wyzwalanie inicjatyw spo\u0142ecznych dla rozwoju kultury. Edukacja kulturalna i\u00a0wychowanie przez\u00a0sztuk\u0119. Organizowanie wystaw, konkurs\u00f3w w\u00a0r\u00f3\u017cnych dziedzinach, koncert\u00f3w, przegl\u0105d\u00f3w i\u00a0festiwali oraz\u00a0imprez kulturalnych wynikaj\u0105cych przede wszystkim z\u00a0kalendarza imprez.<\/span><\/p>\n<p style=\"text-align: center;\"><span style=\"font-size: 18pt;\"><a href=\"http:\/\/www.ckis-ziemowit.pl\/\"><img decoding=\"async\" class=\"aligncenter wp-image-6 size-full\" src=\"http:\/\/www.ckis-ziemowit.pl\/wp-content\/uploads\/2018\/06\/ziemowit-logo.png\" alt=\"\" width=\"159\" height=\"45\" \/><\/a><\/span><\/p>\n","protected":false},"excerpt":{"rendered":"<p>Zakres dzia\u0142alno\u015bci Centrum Kultury i\u00a0Sportu \u201eZiemowit\u201d: Popularyzacja i\u00a0zaspokajanie potrzeb kulturalnych\u00a0 \u015brodowiska lokalnego. Tworzenie warunk\u00f3w dla rozwoju amatorskiego ruchu artystycznego, folkloru i\u00a0sztuki ludowej. Wyzwalanie inicjatyw spo\u0142ecznych dla rozwoju kultury. Edukacja kulturalna i\u00a0wychowanie przez\u00a0sztuk\u0119. Organizowanie wystaw, konkurs\u00f3w w\u00a0r\u00f3\u017cnych dziedzinach, koncert\u00f3w, przegl\u0105d\u00f3w i\u00a0festiwali oraz\u00a0imprez kulturalnych wynikaj\u0105cych przede wszystkim z\u00a0kalendarza imprez.<\/p>\n","protected":false},"author":1,"featured_media":0,"parent":0,"menu_order":0,"comment_status":"closed","ping_status":"closed","template":"","meta":{"footnotes":""},"class_list":["post-39","page","type-page","status-publish","czr-hentry"],"_links":{"self":[{"href":"https:\/\/www.ckis-ziemowit.pl\/index.php\/wp-json\/wp\/v2\/pages\/39","targetHints":{"allow":["GET"]}}],"collection":[{"href":"https:\/\/www.ckis-ziemowit.pl\/index.php\/wp-json\/wp\/v2\/pages"}],"about":[{"href":"https:\/\/www.ckis-ziemowit.pl\/index.php\/wp-json\/wp\/v2\/types\/page"}],"author":[{"embeddable":true,"href":"https:\/\/www.ckis-ziemowit.pl\/index.php\/wp-json\/wp\/v2\/users\/1"}],"replies":[{"embeddable":true,"href":"https:\/\/www.ckis-ziemowit.pl\/index.php\/wp-json\/wp\/v2\/comments?post=39"}],"version-history":[{"count":2,"href":"https:\/\/www.ckis-ziemowit.pl\/index.php\/wp-json\/wp\/v2\/pages\/39\/revisions"}],"predecessor-version":[{"id":364,"href":"https:\/\/www.ckis-ziemowit.pl\/index.php\/wp-json\/wp\/v2\/pages\/39\/revisions\/364"}],"wp:attachment":[{"href":"https:\/\/www.ckis-ziemowit.pl\/index.php\/wp-json\/wp\/v2\/media?parent=39"}],"curies":[{"name":"wp","href":"https:\/\/api.w.org\/{rel}","templated":true}]}}