{"id":51,"date":"2018-06-26T22:03:03","date_gmt":"2018-06-26T20:03:03","guid":{"rendered":"http:\/\/www.ckis-ziemowit.pl\/?page_id=51"},"modified":"2026-05-03T16:35:59","modified_gmt":"2026-05-03T14:35:59","slug":"korty-tenisowe","status":"publish","type":"page","link":"https:\/\/www.ckis-ziemowit.pl\/index.php\/korty-tenisowe\/","title":{"rendered":"KORTY TENISOWE"},"content":{"rendered":"<h4 style=\"text-align: center;\"><img fetchpriority=\"high\" decoding=\"async\" class=\"alignnone wp-image-4436 size-large\" src=\"https:\/\/www.ckis-ziemowit.pl\/wp-content\/uploads\/2026\/05\/yellow-bold-minimalist-tennis-tournament-event-poster-1-724x1024.png\" alt=\"\" width=\"724\" height=\"1024\" srcset=\"https:\/\/www.ckis-ziemowit.pl\/wp-content\/uploads\/2026\/05\/yellow-bold-minimalist-tennis-tournament-event-poster-1-724x1024.png 724w, https:\/\/www.ckis-ziemowit.pl\/wp-content\/uploads\/2026\/05\/yellow-bold-minimalist-tennis-tournament-event-poster-1-212x300.png 212w, https:\/\/www.ckis-ziemowit.pl\/wp-content\/uploads\/2026\/05\/yellow-bold-minimalist-tennis-tournament-event-poster-1-768x1086.png 768w, https:\/\/www.ckis-ziemowit.pl\/wp-content\/uploads\/2026\/05\/yellow-bold-minimalist-tennis-tournament-event-poster-1-1086x1536.png 1086w, https:\/\/www.ckis-ziemowit.pl\/wp-content\/uploads\/2026\/05\/yellow-bold-minimalist-tennis-tournament-event-poster-1.png 1414w\" sizes=\"(max-width: 724px) 100vw, 724px\" \/><\/h4>\n<h2 style=\"text-align: center;\"><span style=\"color: #ff6600;\"><strong><span style=\"color: #808080;\">Regulamin korzystania z kort\u00f3w tenisowych <\/span><\/strong><\/span><br \/><span style=\"color: #808080;\"><strong>Centrum Kultury i Sportu \u201eZiemowit\u201d w Kruszwicy<\/strong><\/span><\/h2>\n<p><strong>I Postanowienia og\u00f3lne<\/strong><\/p>\n<ol>\n<li>Zarz\u0105dc\u0105 kort\u00f3w tenisowych jest Centrum Kultury i Sportu \u201eZiemowit\u201d w Kruszwicy.<\/li>\n<li>Korty tenisowe s\u0105 czynne od 1 maja 2026 r. w godzinach 15.00 \u2013 20.00.<\/li>\n<li>Korty tenisowe b\u0119d\u0105 udost\u0119pniane nieodp\u0142atnie dla mieszka\u0144c\u00f3w gminy Kruszwica i uczestnik\u00f3w Powiatowej Ligi Tenisa Ziemnego.<\/li>\n<\/ol>\n<p><strong>II Rezerwacja kort\u00f3w tenisowych<\/strong><\/p>\n<ol>\n<li>Rezerwacji kort\u00f3w tenisowych mo\u017cna dokona\u0107 telefonicznie pod numerem: <strong>722-010-453.<\/strong><\/li>\n<li>Rezerwacji mo\u017cna dokonywa\u0107 z wyprzedzeniem maksymalnie 10 dni. Ka\u017cdy u\u017cytkownik kort\u00f3w ma prawo do z\u0142o\u017cenia w tygodniu kalendarzowym maksymalnie dw\u00f3ch rezerwacji z wyprzedzeniem. Ograniczenie ilo\u015bci rezerwacji nie dotyczy rezerwacji sk\u0142adanych w dniu korzystania z kortu. W ci\u0105gu jednego dnia nie mo\u017cna zarezerwowa\u0107 wi\u0119cej ni\u017c 2 godzin.<\/li>\n<li>Odwo\u0142anie rezerwacji powinno nast\u0105pi\u0107 nie p\u00f3\u017aniej ni\u017c na 6 godzin przed ustalonym terminem korzystania z kort\u00f3w tenisowych. Za rezerwacje niewykorzystane lub nieodwo\u0142ane, rezerwuj\u0105cemu mo\u017ce zosta\u0107 odm\u00f3wione przyj\u0119cie kolejnej rezerwacji.<\/li>\n<li>Zarz\u0105dca uprawniony jest do wynaj\u0119cia kort\u00f3w tenisowych innej osobie, je\u015bli U\u017cytkownik nie stawi si\u0119 na korcie tenisowym w ci\u0105gu 15 minut, licz\u0105c od pocz\u0105tku terminu rezerwacji, oraz nie powiadomi obs\u0142ugi o mo\u017cliwym sp\u00f3\u017anieniu.<\/li>\n<li>Zarz\u0105dca ma prawo do odwo\u0142ania rezerwacji w ka\u017cdym czasie, je\u015bli konieczno\u015b\u0107 taka uzasadniona jest stanem technicznym obiektu, awari\u0105, przerwami w dostawie medi\u00f3w lub okoliczno\u015bciami, za kt\u00f3re Zarz\u0105dca nie ponosi odpowiedzialno\u015bci. Ponadto, Zarz\u0105dca zastrzega sobie prawo do odwo\u0142ania rezerwacji z powodu organizacji turniej\u00f3w tenisowych i imprez sportowych, a tak\u017ce w razie konieczno\u015bci wykonania czynno\u015bci konserwacyjnych i porz\u0105dkowych. Za rezerwacje tak odwo\u0142ane, Zarz\u0105dca nie odpowiada finansowo.<\/li>\n<\/ol>\n<p><strong>III Szk\u00f3\u0142ki tenisowe oraz zaj\u0119cia z instruktorami<\/strong><\/p>\n<ol>\n<li>Organizowanie na kortach tenisowych p\u0142atnych lekcji, instrukta\u017cu, trening\u00f3w etc. mo\u017ce nast\u0105pi\u0107 wy\u0142\u0105cznie za zgod\u0105 Dyrektora CKiS \u201eZiemowit\u201d w Kruszwicy i na zasadach niniejszego regulaminu. U\u017cytkownik prowadz\u0105cy dzia\u0142alno\u015b\u0107 w tym przedmiocie, zobowi\u0105zany jest do z\u0142o\u017cenia pisma do sekretariatu CKiS \u201eZiemowit\u201d w Kruszwicy lub na e-mail: <a href=\"mailto:info@ckis-ziemowit.pl\">info@ckis-ziemowit.pl<\/a> w celu rozpatrzenia pro\u015bby i uzyskania zgody na korzystanie z kort\u00f3w.<\/li>\n<li>U\u017cytkownik, kt\u00f3ry prowadzi na kortach tenisowych p\u0142atne lekcje, instrukta\u017c, treningi etc. organizuje zaj\u0119cia na w\u0142asny rachunek oraz na w\u0142asn\u0105 odpowiedzialno\u015b\u0107. U\u017cytkownik taki ponosi pe\u0142n\u0105 odpowiedzialno\u015b\u0107 za bezpiecze\u0144stwo os\u00f3b bior\u0105cych udzia\u0142 w zaj\u0119ciach oraz zobowi\u0105zany jest do zapewnienia we w\u0142asnym zakresie opieki medycznej. Zarz\u0105dca nie ponosi odpowiedzialno\u015bci za szkody wyrz\u0105dzone uczestnikom w toku takich zaj\u0119\u0107.<\/li>\n<li>Organizowanie na kortach tenisowych p\u0142atnych lekcji, instrukta\u017cu, trening\u00f3w etc. mo\u017ce odbywa\u0107 si\u0119 tylko i wy\u0142\u0105cznie na korcie nr 2 (od strony jeziora). Na korcie nr 1 zaj\u0119cia takie mog\u0105 si\u0119 odbywa\u0107 w sytuacjach wyj\u0105tkowych tylko za zgod\u0105 Dyrektora CKiS \u201eZiemowit\u201d w Kruszwicy.<\/li>\n<\/ol>\n<p><strong>IV Zasady korzystania z kortu tenisowego<\/strong><\/p>\n<ol>\n<li>Decyzj\u0119 o dopuszczeniu kortu do gry podejmuje ka\u017cdorazowo obs\u0142uga kort\u00f3w tenisowych.<\/li>\n<li>U\u017cytkownicy kort\u00f3w tenisowych zobligowani s\u0105 do:<br \/>a) gry w kompletnym i estetycznym stroju sportowym oraz w obuwiu o rze\u017abie podeszwy przystosowanej dla ziemnego kortu tenisowego;<br \/>b) bezwzgl\u0119dnego stosowania si\u0119 do polece\u0144, uwag lub wytycznych obs\u0142ugi obiektu;<br \/>c) przestrzegania przepis\u00f3w BHP, przeciwpo\u017carowych, sanitarnych oraz wszystkich przepis\u00f3w porz\u0105dkowych i organizacyjnych obowi\u0105zuj\u0105cych na terenie obiektu;<br \/>d) zachowania czysto\u015bci i porz\u0105dku;<br \/>e) zachowania si\u0119 w taki spos\u00f3b aby nie zak\u0142\u00f3ca\u0107 gry osobom korzystaj\u0105cym z kortu s\u0105siedniego;<br \/>f) za\u0142atania powsta\u0142ych ewentualnie dziur oraz wyr\u00f3wnania ca\u0142ej nawierzchni kortu specjalistyczn\u0105 siatk\u0105 po zako\u0144czeniu gry.<\/li>\n<li>U\u017cytkownikom kort\u00f3w tenisowych zabrania si\u0119:<br \/>a) korzystania z kort\u00f3w wilgotnych, w kt\u00f3rych podczas biegania robi\u0105 si\u0119 dziury;<br \/>b) niszczenia b\u0105d\u017a przestawiania sprz\u0119tu, urz\u0105dze\u0144 i wyposa\u017cenia obiektu;<br \/>c) spo\u017cywania na terenie obiektu napoj\u00f3w alkoholowych, za\u017cywania narkotyk\u00f3w lub wszelkich substancji odurzaj\u0105cych i psychotropowych, a tak\u017ce palenia tytoniu;<br \/>d) przebywania na terenie obiektu w stanie po spo\u017cyciu alkoholu, narkotyk\u00f3w, substancji odurzaj\u0105cych i psychotropowych;<br \/>e) wnoszenia i posiadania na terenie obiektu broni, materia\u0142\u00f3w wybuchowych, wyrob\u00f3w pirotechnicznych, przedmiot\u00f3w niebezpiecznych, napoj\u00f3w alkoholowych, narkotyk\u00f3w, \u015brodk\u00f3w odurzaj\u0105cych i psychotropowych;<br \/>f) wchodzenia i przebywania na terenie obiektu ze zwierz\u0119tami, za wyj\u0105tkiem os\u00f3b niewidomych u\u017cywaj\u0105cych ps\u00f3w jako przewodnik\u00f3w;<br \/>g) u\u017cywania wulgaryzm\u00f3w oraz s\u0142\u00f3w powszechnie uznawanych za obel\u017cywe.<\/li>\n<\/ol>\n<p><strong>V Postanowienia dodatkowe<\/strong><\/p>\n<ol>\n<li>Dzieci do lat 13 mog\u0105 przebywa\u0107 na terenie obiektu wy\u0142\u0105cznie pod opiek\u0105 os\u00f3b doros\u0142ych.<\/li>\n<li>Prowadzenie na terenie obiektu dzia\u0142alno\u015bci us\u0142ugowej, handlowej, gastronomicznej uwarunkowane jest wy\u0142\u0105cznie uzyskaniem zgody Dyrektora CKiS \u201eZiemowit\u201d w Kruszwicy.<\/li>\n<li>Zarz\u0105dca nie ponosi odpowiedzialno\u015bci za utrat\u0119, uszkodzenie lub zniszczenie rzeczy wniesionych na teren obiektu, a ponadto nie odpowiada za rzeczy pozostawione przez U\u017cytkownik\u00f3w.<\/li>\n<li>Zarz\u0105dca nie ponosi odpowiedzialno\u015bci za wypadki i zdarzenia wywo\u0142uj\u0105ce szkod\u0119, zaistnia\u0142e w toku korzystania przez U\u017cytkownik\u00f3w z kort\u00f3w tenisowych, a w szczeg\u00f3lno\u015bci spowodowane nie przestrzeganiem postanowie\u0144 niniejszego regulaminu oraz obowi\u0105zuj\u0105cych na terenie obiektu przepis\u00f3w.<\/li>\n<li>U\u017cytkownicy kort\u00f3w tenisowych odpowiadaj\u0105 na zasadach og\u00f3lnych za wszelkie szkody wyrz\u0105dzone ich dzia\u0142aniem lub zaniechaniem.<\/li>\n<li>Dyrektor CKiS \u201eZiemowit\u201d w Kruszwicy zastrzega sobie prawo do jednostronnego uniewa\u017cnienia rezerwacji i um\u00f3w uprawniaj\u0105cych do korzystania z kort\u00f3w tenisowych, bez ponoszenia z tego tytu\u0142u konsekwencji finansowych.<\/li>\n<\/ol>\n<p><strong>VI Postanowienia ko\u0144cowe<\/strong><\/p>\n<ol>\n<li>Osoby nie przestrzegaj\u0105ce postanowie\u0144 niniejszego regulaminu oraz obowi\u0105zuj\u0105cych na terenie obiektu przepis\u00f3w, zostan\u0105 wyproszone z obiektu.<\/li>\n<li>Skargi i wnioski mo\u017cna sk\u0142ada\u0107 obs\u0142udze obiektu lub Dyrektorowi CKiS \u201eZiemowit\u201d w Kruszwicy oraz na adres e-mail: info@ckis-ziemowit.pl<\/li>\n<li>Wszelkie spory, kt\u00f3re mog\u0105 powsta\u0107 w wyniku stosowania niniejszego regulaminu, b\u0119d\u0105 rozpatrywane i rozstrzygane przez Dyrektora CKiS \u201eZiemowit\u201d w Kruszwicy.<\/li>\n<li>Regulamin dost\u0119pny jest w sekretariacie tymczasowej siedziby przy ul. Kujawskiej 12 w Kruszwicy, na kortach przy ul. Pozna\u0144skiej oraz na stronie internetowej CKiS \u201eZiemowit\u201d w Kruszwicy:\u00a0 <a href=\"Korty%20i%20boiska\/www.ckis-ziemowit.pl\">www.ckis-ziemowit.pl<\/a>.<\/li>\n<\/ol>\n<p style=\"text-align: center;\"><span style=\"font-size: 18pt;\"><a href=\"http:\/\/www.ckis-ziemowit.pl\/\"><img decoding=\"async\" class=\"wp-image-6 size-full aligncenter\" src=\"http:\/\/www.ckis-ziemowit.pl\/wp-content\/uploads\/2018\/06\/ziemowit-logo.png\" alt=\"\" width=\"159\" height=\"45\" \/><\/a><\/span><\/p>\n\n","protected":false},"excerpt":{"rendered":"<p>Regulamin korzystania z kort\u00f3w tenisowych Centrum Kultury i Sportu \u201eZiemowit\u201d w Kruszwicy I Postanowienia og\u00f3lne Zarz\u0105dc\u0105 kort\u00f3w tenisowych jest Centrum Kultury i Sportu \u201eZiemowit\u201d w Kruszwicy. Korty tenisowe s\u0105 czynne od 1 maja 2026 r. w godzinach 15.00 \u2013 20.00. Korty tenisowe b\u0119d\u0105 udost\u0119pniane nieodp\u0142atnie dla mieszka\u0144c\u00f3w gminy Kruszwica i uczestnik\u00f3w Powiatowej Ligi Tenisa Ziemnego. [&hellip;]<\/p>\n","protected":false},"author":1,"featured_media":0,"parent":0,"menu_order":0,"comment_status":"closed","ping_status":"closed","template":"","meta":{"footnotes":""},"class_list":["post-51","page","type-page","status-publish","czr-hentry"],"_links":{"self":[{"href":"https:\/\/www.ckis-ziemowit.pl\/index.php\/wp-json\/wp\/v2\/pages\/51","targetHints":{"allow":["GET"]}}],"collection":[{"href":"https:\/\/www.ckis-ziemowit.pl\/index.php\/wp-json\/wp\/v2\/pages"}],"about":[{"href":"https:\/\/www.ckis-ziemowit.pl\/index.php\/wp-json\/wp\/v2\/types\/page"}],"author":[{"embeddable":true,"href":"https:\/\/www.ckis-ziemowit.pl\/index.php\/wp-json\/wp\/v2\/users\/1"}],"replies":[{"embeddable":true,"href":"https:\/\/www.ckis-ziemowit.pl\/index.php\/wp-json\/wp\/v2\/comments?post=51"}],"version-history":[{"count":36,"href":"https:\/\/www.ckis-ziemowit.pl\/index.php\/wp-json\/wp\/v2\/pages\/51\/revisions"}],"predecessor-version":[{"id":4438,"href":"https:\/\/www.ckis-ziemowit.pl\/index.php\/wp-json\/wp\/v2\/pages\/51\/revisions\/4438"}],"wp:attachment":[{"href":"https:\/\/www.ckis-ziemowit.pl\/index.php\/wp-json\/wp\/v2\/media?parent=51"}],"curies":[{"name":"wp","href":"https:\/\/api.w.org\/{rel}","templated":true}]}}