{"id":55,"date":"2018-06-26T22:06:32","date_gmt":"2018-06-26T20:06:32","guid":{"rendered":"http:\/\/www.ckis-ziemowit.pl\/?page_id=55"},"modified":"2026-03-03T17:49:18","modified_gmt":"2026-03-03T16:49:18","slug":"kontakt","status":"publish","type":"page","link":"https:\/\/www.ckis-ziemowit.pl\/index.php\/kontakt\/","title":{"rendered":"KONTAKT"},"content":{"rendered":"\t\t<div data-elementor-type=\"wp-page\" data-elementor-id=\"55\" class=\"elementor elementor-55\">\n\t\t\t\t\t\t<section class=\"elementor-section elementor-top-section elementor-element elementor-element-3d413a9b elementor-section-boxed elementor-section-height-default elementor-section-height-default\" data-id=\"3d413a9b\" data-element_type=\"section\" data-e-type=\"section\">\n\t\t\t\t\t\t<div class=\"elementor-container elementor-column-gap-default\">\n\t\t\t\t\t<div class=\"elementor-column elementor-col-100 elementor-top-column elementor-element elementor-element-16dc16a0\" data-id=\"16dc16a0\" data-element_type=\"column\" data-e-type=\"column\">\n\t\t\t<div class=\"elementor-widget-wrap elementor-element-populated\">\n\t\t\t\t\t\t<div class=\"elementor-element elementor-element-40f77e6e elementor-widget elementor-widget-text-editor\" data-id=\"40f77e6e\" data-element_type=\"widget\" data-e-type=\"widget\" data-widget_type=\"text-editor.default\">\n\t\t\t\t<div class=\"elementor-widget-container\">\n\t\t\t\t\t\t\t\t\t<p style=\"text-align: center;\"><span style=\"font-size: 14pt;\"><strong><span style=\"font-size: 18pt;\">Centrum Kultury i Sportu &#8222;Ziemowit&#8221; w Kruszwicy<\/span><br \/><\/strong><\/span><\/p><p style=\"text-align: center;\"><span style=\"font-size: 14pt;\"><strong>SALA WIDOWISKOWA:<\/strong><\/span><span style=\"font-size: 14pt;\"><br \/>ul. Niepodleg\u0142o\u015bci 43<br \/>88-150 Kruszwica<br \/>tel.: +48 52 351 53 70, 722 010 539<br \/>e-mail: info@ckis-ziemowit.pl<br \/><\/span><\/p><p style=\"text-align: center;\">adres do e-Dor\u0119cze\u0144: AE:PL-33178-49008-FEESE-25<\/p><p style=\"text-align: center;\"><span style=\"font-size: 14pt;\"><strong>STADION I KORTY TENISOWE:<\/strong><\/span><br \/><span style=\"font-size: 14pt;\">ul. Pozna\u0144ska 17<\/span><br \/><span style=\"font-size: 14pt;\">88-150 Kruszwica<\/span><br \/><span style=\"font-size: 14pt;\">tel. 722 010 453<br \/><\/span><span style=\"font-size: 14pt;\">e-mail: info@ckis-ziemowit.pl<\/span><\/p><p style=\"text-align: center;\"><span style=\"font-size: 14pt;\"><strong>KLUB POPIEL Z SALAMI KONFERENCYJNYMI:<\/strong><\/span><br \/><span style=\"font-size: 14pt;\">ul. Kujawska 12<\/span><br \/><span style=\"font-size: 14pt;\">88-150 Kruszwica<\/span><br \/><span style=\"font-size: 14pt;\">tel. 722 010 539<br \/><\/span><span style=\"font-size: 14pt;\">e-mail: info@ckis-ziemowit.pl<\/span><\/p><p><a href=\"http:\/\/www.ckis-ziemowit.pl\/\"><img decoding=\"async\" src=\"http:\/\/www.ckis-ziemowit.pl\/wp-content\/uploads\/2018\/06\/ziemowit-logo.png\" alt=\"\" width=\"159\" height=\"45\" \/><\/a><\/p>\t\t\t\t\t\t\t\t<\/div>\n\t\t\t\t<\/div>\n\t\t\t\t\t<\/div>\n\t\t<\/div>\n\t\t\t\t\t<\/div>\n\t\t<\/section>\n\t\t\t\t<\/div>\n\t\t","protected":false},"excerpt":{"rendered":"<p>Centrum Kultury i Sportu &#8222;Ziemowit&#8221; w Kruszwicy SALA WIDOWISKOWA:ul. Niepodleg\u0142o\u015bci 4388-150 Kruszwicatel.: +48 52 351 53 70, 722 010 539e-mail: info@ckis-ziemowit.pl adres do e-Dor\u0119cze\u0144: AE:PL-33178-49008-FEESE-25 STADION I KORTY TENISOWE:ul. Pozna\u0144ska 1788-150 Kruszwicatel. 722 010 453e-mail: info@ckis-ziemowit.pl KLUB POPIEL Z SALAMI KONFERENCYJNYMI:ul. Kujawska 1288-150 Kruszwicatel. 722 010 539e-mail: info@ckis-ziemowit.pl<\/p>\n","protected":false},"author":1,"featured_media":0,"parent":0,"menu_order":0,"comment_status":"closed","ping_status":"closed","template":"","meta":{"footnotes":""},"class_list":["post-55","page","type-page","status-publish","czr-hentry"],"_links":{"self":[{"href":"https:\/\/www.ckis-ziemowit.pl\/index.php\/wp-json\/wp\/v2\/pages\/55","targetHints":{"allow":["GET"]}}],"collection":[{"href":"https:\/\/www.ckis-ziemowit.pl\/index.php\/wp-json\/wp\/v2\/pages"}],"about":[{"href":"https:\/\/www.ckis-ziemowit.pl\/index.php\/wp-json\/wp\/v2\/types\/page"}],"author":[{"embeddable":true,"href":"https:\/\/www.ckis-ziemowit.pl\/index.php\/wp-json\/wp\/v2\/users\/1"}],"replies":[{"embeddable":true,"href":"https:\/\/www.ckis-ziemowit.pl\/index.php\/wp-json\/wp\/v2\/comments?post=55"}],"version-history":[{"count":31,"href":"https:\/\/www.ckis-ziemowit.pl\/index.php\/wp-json\/wp\/v2\/pages\/55\/revisions"}],"predecessor-version":[{"id":4324,"href":"https:\/\/www.ckis-ziemowit.pl\/index.php\/wp-json\/wp\/v2\/pages\/55\/revisions\/4324"}],"wp:attachment":[{"href":"https:\/\/www.ckis-ziemowit.pl\/index.php\/wp-json\/wp\/v2\/media?parent=55"}],"curies":[{"name":"wp","href":"https:\/\/api.w.org\/{rel}","templated":true}]}}