{"id":712,"date":"2018-09-25T19:18:48","date_gmt":"2018-09-25T17:18:48","guid":{"rendered":"http:\/\/www.ckis-ziemowit.pl\/?page_id=712"},"modified":"2025-10-02T17:47:35","modified_gmt":"2025-10-02T15:47:35","slug":"regulamin","status":"publish","type":"page","link":"https:\/\/www.ckis-ziemowit.pl\/index.php\/regulamin\/","title":{"rendered":"REGULAMIN"},"content":{"rendered":"\n<h3 class=\"wp-block-heading has-text-align-center\"><strong>Regulamin&nbsp;uczestnictwa<br>&nbsp;w zaj\u0119ciach zespo\u0142\u00f3w artystycznych, sekcjach zainteresowa\u0144, warsztatach organizowanych przez Centrum Kultury i Sportu \u201eZiemowit\u201d<br>w Kruszwicy 2025\/2026 &nbsp;&nbsp;&nbsp;<\/strong><\/h3>\n\n\n\n<p><strong>I. Warunki uczestnictwa&nbsp;<\/strong><\/p>\n\n\n\n<p>1. Warunkiem uczestnictwa w zaj\u0119ciach organizowanych przez Centrum Kultury i Sportu \u201eZiemowit\u201d w Kruszwicy (CKiS \u201eZiemowit\u201d) jest:&nbsp;<br>&nbsp;&#8211; zamieszkiwanie na terenie gminy Kruszwica lub ucz\u0119szczanie do plac\u00f3wek o\u015bwiatowych na terenie gminy Kruszwica,<br>&#8211; zg\u0142oszenie uczestnika zaj\u0119\u0107 w okresie prowadzenia zapis\u00f3w do sekcji i zespo\u0142\u00f3w,<br>&#8211; zapoznanie si\u0119 z obowi\u0105zuj\u0105cym regulaminem zaj\u0119\u0107,&nbsp;<br>&#8211; akceptacja postanowie\u0144 niniejszego regulaminu poprzez z\u0142o\u017cenie u instruktora prowadz\u0105cego zaj\u0119cia wype\u0142nionej karty uczestnictwa.<br>2. Terminy naboru og\u0142asza dyrektor CKiS \u201eZiemowit\u201d w Kruszwicy poprzez og\u0142oszenie na stronie internetowej (<a href=\"http:\/\/www.facebook.com\/ckis.Ziemowit\">www.facebook.com\/ckis.Ziemowit<\/a>) i tablicy og\u0142oszeniowej w siedzibie przy &nbsp;ul. Niepodleg\u0142o\u015bci 43 i w \u201eKlubie Popiel\u201d przy ul. Kujawskiej 12.<br>3. CKiS \u201eZiemowit\u201d &nbsp;zapewnia wykwalifikowan\u0105 kadr\u0119 instruktorsk\u0105 oraz opiek\u0119 nad dzie\u0107mi i m\u0142odzie\u017c\u0105 niepe\u0142noletni\u0105 podczas zaj\u0119\u0107.<br>4. Liczba miejsc jest ograniczona. O zakwalifikowaniu do zaj\u0119\u0107 decyduje kolejno\u015b\u0107 zg\u0142osze\u0144 oraz instruktor na podstawie przeprowadzonego naboru.<br>5. W przypadku os\u00f3b niepe\u0142noletnich wymagane jest z\u0142o\u017cenie pisemnego o\u015bwiadczenia na karcie uczestnictwa przez rodzic\u00f3w lub opiekun\u00f3w prawnych, w kt\u00f3rym wyra\u017caj\u0105 zgod\u0119 na uczestnictwo dziecka w wybranej formie zaj\u0119\u0107 oraz wskazuj\u0105 na dobry stan zdrowia dziecka.<br>6. Udzia\u0142 w zaj\u0119ciach jest bezp\u0142atny.<\/p>\n\n\n\n<p><strong>II. Organizacja zaj\u0119\u0107<\/strong><br><br>1. Zaj\u0119cia odbywaj\u0105 si\u0119 w klubie \u201ePopiel\u201d przy ul. Kujawskiej 12 w Kruszwicy&nbsp; wed\u0142ug ustalonego i podanego do wiadomo\u015bci uczestnik\u00f3w grafiku.&nbsp;<br>2. CKiS \u201eZiemowit\u201d zastrzega sobie prawo do zmian w grafiku zaj\u0119\u0107, o czym zobowi\u0105zuje si\u0119 poinformowa\u0107 uczestnik\u00f3w zaj\u0119\u0107 lub w przypadku uczestnik\u00f3w ma\u0142oletnich ich rodzic\u00f3w\/opiekun\u00f3w.<br>3. CKiS \u201eZiemowit\u201d zastrzega sobie prawo do odwo\u0142ania zaj\u0119\u0107 w przypadku uzasadnionej nieobecno\u015bci instruktora o czym powiadomi uczestnik\u00f3w zaj\u0119\u0107 lub w przypadku uczestnik\u00f3w ma\u0142oletnich ich rodzic\u00f3w\/opiekun\u00f3w.&nbsp;<br>4. &nbsp;Uczestnik &nbsp;zaj\u0119\u0107 &nbsp;jest &nbsp;zobowi\u0105zany &nbsp;do &nbsp;aktywnego &nbsp;i &nbsp;systematycznego &nbsp;uczestnictwa &nbsp;w zaj\u0119ciach. Nieusprawiedliwiona nieobecno\u015b\u0107 na 3 kolejnych zaj\u0119ciach albo powtarzaj\u0105ca si\u0119 cz\u0119sta nieobecno\u015b\u0107 b\u0119dzie powodem do wykre\u015blenia z zaj\u0119\u0107.<br>5. Obecno\u015b\u0107 uczestnik\u00f3w zaj\u0119\u0107 kontrolowana jest ka\u017cdorazowo przez instruktor\u00f3w prowadz\u0105cych i odnotowywana w dzienniku zaj\u0119\u0107.<br>6. W zaj\u0119ciach nie bior\u0105 udzia\u0142u rodzice ani opiekunowie prawni ma\u0142oletnich uczestnik\u00f3w zaj\u0119\u0107.<br>7. Uczestnik zaj\u0119\u0107 zobowi\u0105zuje si\u0119 dostosowa\u0107 do wytycznych instruktora (np. dotycz\u0105cych stroju, obuwia itp.).<\/p>\n\n\n\n<p><strong>III. Obowi\u0105zki uczestnika zaj\u0119\u0107.<\/strong><br><br>1. Podczas zaj\u0119\u0107 uczestnik znajduje si\u0119 pod opiek\u0105 instruktora prowadz\u0105cego.\u00a0<br>2. Uczestnikom zaj\u0119\u0107 nie wolno opuszcza\u0107 pomieszczenia, w kt\u00f3rym odbywaj\u0105 si\u0119 zaj\u0119cia bez wiedzy i zgody instruktora prowadz\u0105cego.<br>3. CKiS \u201eZiemowit\u201d nie ponosi odpowiedzialno\u015bci za wszelkie zdarzenia i wypadki<br>z udzia\u0142em uczestnik\u00f3w zaistnia\u0142e po zako\u0144czeniu zaj\u0119\u0107.<br>4. Uczestnicy zaj\u0119\u0107 zobowi\u0105zani s\u0105 do przestrzegania og\u00f3lnie przyj\u0119tych\u00a0 norm spo\u0142ecznych wobec innych os\u00f3b, przepis\u00f3w przeciwpo\u017carowych, porz\u0105dkowych i bezpiecze\u0144stwa.<br>5. W przypadku jakiegokolwiek zagro\u017cenia uczestnicy zaj\u0119\u0107 obowi\u0105zani s\u0105 do stosowania si\u0119 do polece\u0144 instruktora lub innego pracownika CKiS \u201eZiemowit\u201d.<br>6. \u00a0Reprezentowanie\u00a0 CKiS \u201eZiemowit\u201d w koncertach, konkursach, przegl\u0105dach i innych wydarzeniach kulturalnych.<br><strong>\u00a0\u00a0\u00a0\u00a0\u00a0\u00a0\u00a0\u00a0\u00a0\u00a0\u00a0<br>V. Postanowienia og\u00f3lne<\/strong><br><br>1. CKiS \u201eZiemowit\u201d nie ponosi \u017cadnej odpowiedzialno\u015bci za rzeczy pozostawione przez uczestnik\u00f3w zaj\u0119\u0107 na terenie obiektu, w kt\u00f3rym odbywaj\u0105 si\u0119 zaj\u0119cia.<br>2. Uci\u0105\u017cliwi \u2013 utrudniaj\u0105cy korzystanie z zaj\u0119\u0107, nie przestrzegaj\u0105cy regulaminu, ucz\u0119szczaj\u0105cy na zaj\u0119cia nieregularnie \u2013 uczestnicy zostan\u0105 skre\u015bleni z listy uczestnik\u00f3w,<br>je\u015bli nie odnios\u0105 skutku wcze\u015bniejsze s\u0142owne upomnienia.<br>3. Uczestnicy zaj\u0119\u0107 maj\u0105 zakaz wynoszenia sprz\u0119tu i wyposa\u017cenia poza sal\u0119 zaj\u0119\u0107.<br>4. Odpowiedzialno\u015b\u0107 za zniszczenia wynikaj\u0105ce z niew\u0142a\u015bciwego\u00a0 u\u017cytkowania wyposa\u017cenia sali zaj\u0119\u0107 ponosi osoba nie przestrzegaj\u0105ca zasad ich u\u017cytkowania. W przypadku os\u00f3b nieletnich s\u0105 to rodzice lub prawni opiekunowie tej osoby.<br>5. Za wszelk\u0105 szkod\u0119 wyrz\u0105dzon\u0105 przez niepe\u0142noletnie dziecko przebywaj\u0105ce na terenie budynku, a nie znajduj\u0105ce si\u0119 na sali zaj\u0119\u0107 odpowiedzialno\u015b\u0107 ponosz\u0105 rodzice lub prawni opiekunowie dziecka.<br>6. Osoba odpowiedzialna za poniesione szkody, zobowi\u0105zana jest do ich pokrycia w pe\u0142nej wysoko\u015bci w terminie i na zasadach ustalonych przez dyrektora CKiS \u201eZiemowit\u201d<br>w Kruszwicy.<br>7. Niniejszy Regulamin mo\u017ce ulec zmianie. Wszelkie zmiany i bie\u017c\u0105ce informacje b\u0119d\u0105 przekazywane uczestnikom \/ rodzicom lub opiekunom os\u00f3b niepe\u0142noletnich osobi\u015bcie, na tablicy og\u0142osze\u0144 przy ul. Kujawskiej 12 oraz na stronach internetowych:\u00a0 <a href=\"http:\/\/www.facebook.com\/ckis.Ziemowit\">www.facebook.com\/ckis.Ziemowit<\/a>\u00a0\u00a0 i \u00a0\u00a0<a href=\"http:\/\/www.ckis-ziemowit.pl\">www.ckis-ziemowit.pl<\/a><\/p>\n\n\n\n<p class=\"has-text-align-center\">Regulamin obowi\u0105zuje od 1 pa\u017adziernika 2025 roku.<\/p>\n","protected":false},"excerpt":{"rendered":"<p>Regulamin&nbsp;uczestnictwa&nbsp;w zaj\u0119ciach zespo\u0142\u00f3w artystycznych, sekcjach zainteresowa\u0144, warsztatach organizowanych przez Centrum Kultury i Sportu \u201eZiemowit\u201dw Kruszwicy 2025\/2026 &nbsp;&nbsp;&nbsp; I. Warunki uczestnictwa&nbsp; 1. Warunkiem uczestnictwa w zaj\u0119ciach organizowanych przez Centrum Kultury i Sportu \u201eZiemowit\u201d w Kruszwicy (CKiS \u201eZiemowit\u201d) jest:&nbsp;&nbsp;&#8211; zamieszkiwanie na terenie gminy Kruszwica lub ucz\u0119szczanie do plac\u00f3wek o\u015bwiatowych na terenie gminy Kruszwica,&#8211; zg\u0142oszenie uczestnika zaj\u0119\u0107 w [&hellip;]<\/p>\n","protected":false},"author":1,"featured_media":0,"parent":0,"menu_order":0,"comment_status":"closed","ping_status":"closed","template":"","meta":{"footnotes":""},"class_list":["post-712","page","type-page","status-publish","czr-hentry"],"_links":{"self":[{"href":"https:\/\/www.ckis-ziemowit.pl\/index.php\/wp-json\/wp\/v2\/pages\/712","targetHints":{"allow":["GET"]}}],"collection":[{"href":"https:\/\/www.ckis-ziemowit.pl\/index.php\/wp-json\/wp\/v2\/pages"}],"about":[{"href":"https:\/\/www.ckis-ziemowit.pl\/index.php\/wp-json\/wp\/v2\/types\/page"}],"author":[{"embeddable":true,"href":"https:\/\/www.ckis-ziemowit.pl\/index.php\/wp-json\/wp\/v2\/users\/1"}],"replies":[{"embeddable":true,"href":"https:\/\/www.ckis-ziemowit.pl\/index.php\/wp-json\/wp\/v2\/comments?post=712"}],"version-history":[{"count":13,"href":"https:\/\/www.ckis-ziemowit.pl\/index.php\/wp-json\/wp\/v2\/pages\/712\/revisions"}],"predecessor-version":[{"id":4291,"href":"https:\/\/www.ckis-ziemowit.pl\/index.php\/wp-json\/wp\/v2\/pages\/712\/revisions\/4291"}],"wp:attachment":[{"href":"https:\/\/www.ckis-ziemowit.pl\/index.php\/wp-json\/wp\/v2\/media?parent=712"}],"curies":[{"name":"wp","href":"https:\/\/api.w.org\/{rel}","templated":true}]}}